{"id":17603,"date":"2025-01-30T22:04:14","date_gmt":"2025-01-30T22:04:14","guid":{"rendered":"https:\/\/donalisafoodinc.com\/?post_type=product&#038;p=17603"},"modified":"2025-03-03T19:56:01","modified_gmt":"2025-03-03T19:56:01","slug":"cafe-guatemalteco-la-jarrillita-6-oz","status":"publish","type":"product","link":"https:\/\/donalisafoodinc.com\/en\/product\/cafe-guatemalteco-la-jarrillita-6-oz\/","title":{"rendered":"Caf\u00e9 Guatemalteco La Jarrillita 6 Oz."},"content":{"rendered":"<p>Nuestro <strong>Caf\u00e9 Guatemalteco<\/strong> es una experiencia \u00fanica en cada taza. Cultivado en las altitudes volc\u00e1nicas de Guatemala, donde el suelo f\u00e9rtil y el clima perfecto crean las condiciones ideales para producir granos de caf\u00e9 de calidad excepcional. Cada uno de nuestros granos se selecciona a mano y se tuesta cuidadosamente para resaltar su sabor intenso, cuerpo robusto y notas afrutadas y achocolatadas. Es el caf\u00e9 ideal para los amantes de los sabores aut\u00e9nticos y sofisticados.<\/p>","protected":false},"excerpt":{"rendered":"<div class=\"woocommerce-product-details__short-description\">\n<p>&nbsp;<\/p>\n<p>&nbsp;<\/p>\n<h5><strong>Caf\u00e9 Guatemalteco La Jarrillita<\/strong><\/h5>\n<table width=\"440\">\n<tbody>\n<tr>\n<td width=\"143\"><strong>Item\u00a0C\u00f3digo<\/strong><\/td>\n<td width=\"148\"><strong>UPC C\u00f3digo<\/strong><\/td>\n<td width=\"149\"><strong>Cantidad<\/strong><\/td>\n<\/tr>\n<tr>\n<td><span style=\"font-weight: 400;\">561<\/span><\/td>\n<td><span style=\"font-weight: 400;\">876593002819<\/span><\/td>\n<td>Caja x 6 Und<\/td>\n<\/tr>\n<\/tbody>\n<\/table>\n<p>&nbsp;<\/p>\n<p><strong>\u00bfPor qu\u00e9 elegir nuestros Cafe?<\/strong><\/p>\n<ol>\n<li><strong>Origen de Calidad<\/strong>: Nuestro caf\u00e9 proviene de las mejores fincas de Guatemala, reconocidas mundialmente por su dedicaci\u00f3n y tradici\u00f3n en la producci\u00f3n de caf\u00e9 de alta calidad.<\/li>\n<li><strong>Sostenibilidad<\/strong>: Trabajamos directamente con peque\u00f1os agricultores que practican m\u00e9todos sostenibles, lo que asegura no solo un caf\u00e9 delicioso, sino tambi\u00e9n un impacto positivo en el medio ambiente y las comunidades locales.<\/li>\n<li><strong>Sabor Incomparable<\/strong>: La combinaci\u00f3n \u00fanica de altitud, clima y suelo volc\u00e1nico en Guatemala le da a nuestro caf\u00e9 un sabor inigualable, con notas dulces, afrutadas y un toque de chocolate que deleitan los sentidos.<\/li>\n<li><strong>Proceso Artesanal<\/strong>: Cada paso, desde la recolecci\u00f3n manual hasta el tueste, se realiza con el m\u00e1ximo cuidado, asegurando un producto de excelencia que ofrece una experiencia de caf\u00e9 gourmet.<\/li>\n<li><strong>Frescura Garantizada<\/strong>: Nuestros granos se tuestan en lotes peque\u00f1os para garantizar frescura y sabor en cada bolsa que llega a tu hogar.<\/li>\n<\/ol>\n<p>Elige nuestro <strong>Caf\u00e9 Guatemalteco<\/strong> para disfrutar de una bebida que no solo despierta los sentidos, sino que tambi\u00e9n honra la rica tradici\u00f3n cafetera de Guatemala.<\/p>\n<\/div>","protected":false},"featured_media":17606,"template":"","meta":[],"product_brand":[],"product_cat":[623,622],"product_tag":[],"class_list":{"0":"post-17603","1":"product","2":"type-product","3":"status-publish","4":"has-post-thumbnail","6":"product_cat-cafes-centroamericanos","7":"product_cat-cafe-chocolates","10":"first","11":"instock","12":"shipping-taxable","13":"product-type-simple"},"_links":{"self":[{"href":"https:\/\/donalisafoodinc.com\/en\/wp-json\/wp\/v2\/product\/17603","targetHints":{"allow":["GET"]}}],"collection":[{"href":"https:\/\/donalisafoodinc.com\/en\/wp-json\/wp\/v2\/product"}],"about":[{"href":"https:\/\/donalisafoodinc.com\/en\/wp-json\/wp\/v2\/types\/product"}],"wp:featuredmedia":[{"embeddable":true,"href":"https:\/\/donalisafoodinc.com\/en\/wp-json\/wp\/v2\/media\/17606"}],"wp:attachment":[{"href":"https:\/\/donalisafoodinc.com\/en\/wp-json\/wp\/v2\/media?parent=17603"}],"wp:term":[{"taxonomy":"product_brand","embeddable":true,"href":"https:\/\/donalisafoodinc.com\/en\/wp-json\/wp\/v2\/product_brand?post=17603"},{"taxonomy":"product_cat","embeddable":true,"href":"https:\/\/donalisafoodinc.com\/en\/wp-json\/wp\/v2\/product_cat?post=17603"},{"taxonomy":"product_tag","embeddable":true,"href":"https:\/\/donalisafoodinc.com\/en\/wp-json\/wp\/v2\/product_tag?post=17603"}],"curies":[{"name":"wp","href":"https:\/\/api.w.org\/{rel}","templated":true}]}}