{"id":17611,"date":"2024-10-23T20:02:12","date_gmt":"2024-10-23T20:02:12","guid":{"rendered":"https:\/\/donalisafoodinc.com\/?post_type=product&#038;p=17611"},"modified":"2025-03-01T17:00:45","modified_gmt":"2025-03-01T17:00:45","slug":"arroz-jasmine-dona-lisa-5-lbrs","status":"publish","type":"product","link":"https:\/\/donalisafoodinc.com\/en\/product\/arroz-jasmine-dona-lisa-5-lbrs\/","title":{"rendered":"Arroz Jasmine Do\u00f1a Lisa 5 Lbrs"},"content":{"rendered":"<p>Nuestro <strong>Arroz Centroamericano<\/strong> es un producto de alta calidad, cuidadosamente seleccionado para satisfacer las necesidades culinarias de los hogares y restaurantes. Cultivado en tierras f\u00e9rtiles de Centroam\u00e9rica, su grano largo y perlado se destaca por su suavidad y versatilidad en la cocina. Perfecto para acompa\u00f1ar una variedad de platos tradicionales y modernos, nuestro arroz es el complemento ideal para cualquier comida, garantizando siempre una cocci\u00f3n uniforme y una textura deliciosa.<\/p>","protected":false},"excerpt":{"rendered":"<div class=\"woocommerce-product-details__short-description\">\n<p>&nbsp;<\/p>\n<p>&nbsp;<\/p>\n<h5><strong>Arroz Jasmine Do\u00f1a Lisa x 5 Lbrs.<\/strong><\/h5>\n<table width=\"440\">\n<tbody>\n<tr>\n<td width=\"143\"><strong>Item\u00a0C\u00f3digo<\/strong><\/td>\n<td width=\"148\"><strong>UPC C\u00f3digo<\/strong><\/td>\n<td width=\"149\"><strong>Cantidad<\/strong><\/td>\n<\/tr>\n<tr>\n<td><span style=\"font-weight: 400;\">3005<\/span><\/td>\n<td><span style=\"font-weight: 400;\">82308862180<\/span><\/td>\n<td>Caja x 8 Und<\/td>\n<\/tr>\n<\/tbody>\n<\/table>\n<p>&nbsp;<\/p>\n<h3>\u00bfPor qu\u00e9 elegir nuestro arroz?<\/h3>\n<ol>\n<li><strong>Calidad Premium<\/strong>: Nuestro arroz es seleccionado con los m\u00e1s altos est\u00e1ndares de calidad, garantizando un grano entero, limpio y de excelente cocci\u00f3n.<\/li>\n<li><strong>Sabor Aut\u00e9ntico<\/strong>: El arroz Centroamericano tiene un sabor natural que complementa perfectamente cualquier plato, destac\u00e1ndose por su suavidad y ligereza en cada bocado.<\/li>\n<li><strong>Versatilidad<\/strong>: Es ideal tanto para recetas tradicionales como arroces guisados, arroces blancos, o acompa\u00f1amientos de carnes y vegetales. Su grano largo y no pegajoso permite una preparaci\u00f3n f\u00e1cil y sin complicaciones.<\/li>\n<li><strong>Rendimiento Superior<\/strong>: Con nuestro arroz obtendr\u00e1s m\u00e1s por menos. Un grano que se hincha bien, dando como resultado una porci\u00f3n generosa y esponjosa.<\/li>\n<\/ol>\n<\/div>","protected":false},"featured_media":17612,"template":"","meta":[],"product_brand":[],"product_cat":[606,605],"product_tag":[],"class_list":{"0":"post-17611","1":"product","2":"type-product","3":"status-publish","4":"has-post-thumbnail","6":"product_cat-arroz-dona-lisa","7":"product_cat-arroz","10":"first","11":"instock","12":"shipping-taxable","13":"product-type-simple"},"_links":{"self":[{"href":"https:\/\/donalisafoodinc.com\/en\/wp-json\/wp\/v2\/product\/17611","targetHints":{"allow":["GET"]}}],"collection":[{"href":"https:\/\/donalisafoodinc.com\/en\/wp-json\/wp\/v2\/product"}],"about":[{"href":"https:\/\/donalisafoodinc.com\/en\/wp-json\/wp\/v2\/types\/product"}],"wp:featuredmedia":[{"embeddable":true,"href":"https:\/\/donalisafoodinc.com\/en\/wp-json\/wp\/v2\/media\/17612"}],"wp:attachment":[{"href":"https:\/\/donalisafoodinc.com\/en\/wp-json\/wp\/v2\/media?parent=17611"}],"wp:term":[{"taxonomy":"product_brand","embeddable":true,"href":"https:\/\/donalisafoodinc.com\/en\/wp-json\/wp\/v2\/product_brand?post=17611"},{"taxonomy":"product_cat","embeddable":true,"href":"https:\/\/donalisafoodinc.com\/en\/wp-json\/wp\/v2\/product_cat?post=17611"},{"taxonomy":"product_tag","embeddable":true,"href":"https:\/\/donalisafoodinc.com\/en\/wp-json\/wp\/v2\/product_tag?post=17611"}],"curies":[{"name":"wp","href":"https:\/\/api.w.org\/{rel}","templated":true}]}}