{"id":17641,"date":"2024-09-21T22:50:32","date_gmt":"2024-09-21T22:50:32","guid":{"rendered":"https:\/\/donalisafoodinc.com\/?post_type=product&#038;p=17641"},"modified":"2024-12-31T16:15:03","modified_gmt":"2024-12-31T16:15:03","slug":"achiote-molido-lca-x-2-oz","status":"publish","type":"product","link":"https:\/\/donalisafoodinc.com\/en\/product\/achiote-molido-lca-x-2-oz\/","title":{"rendered":"Achiote Molido LCA  x 2 Oz"},"content":{"rendered":"<p>Nuestras <strong>Especias Naturales<\/strong> son el ingrediente secreto para realzar el sabor de tus platos favoritos. Cada especia es cuidadosamente seleccionada en su origen, garantizando frescura, pureza y autenticidad en cada sobre. Desde el aroma de nuestra mezcla de especias hasta la fragancia c\u00e1lida del achiote molido, nuestras especias son cultivadas y procesadas con los m\u00e1s altos est\u00e1ndares de calidad. Ya sea que est\u00e9s preparando platillos tradicionales centro Americanos \u00a0o explorando nuevas recetas, nuestras especias a\u00f1adir\u00e1n un toque de sabor \u00fanico y vibrante a cada comida.<\/p>","protected":false},"excerpt":{"rendered":"<h5>Achiote Molido LCA x 2 Oz<\/h5>\n<table width=\"440\">\n<tbody>\n<tr>\n<td width=\"143\"><strong>Item\u00a0C\u00f3digo<\/strong><\/td>\n<td width=\"148\"><strong>UPC C\u00f3digo<\/strong><\/td>\n<td width=\"149\"><strong>Cantidad<\/strong><\/td>\n<\/tr>\n<tr>\n<td><span style=\"font-weight: 400;\">466<\/span><\/td>\n<td><span style=\"font-weight: 400;\">876593001164<\/span><\/td>\n<td>Caja x 12 Und<\/td>\n<\/tr>\n<\/tbody>\n<\/table>\n<p>&nbsp;<\/p>\n<h5>\u00bfPor qu\u00e9 elegir nuestras especias?<\/h5>\n<ol>\n<li><strong>Frescura Garantizada<\/strong>: Nuestras especias son cosechadas en el punto \u00f3ptimo de maduraci\u00f3n y empacadas r\u00e1pidamente para conservar su aroma, color y sabor natural.<\/li>\n<li><strong>Selecci\u00f3n Premium<\/strong>: Cada especia proviene de las mejores regiones productoras de centro America, asegurando un producto aut\u00e9ntico y de calidad superior.<\/li>\n<li><strong>100% Naturales<\/strong>: Libres de conservantes, colorantes artificiales y aditivos. Solo el sabor puro y aut\u00e9ntico de la naturaleza.<\/li>\n<li><strong>Versatilidad<\/strong>: Nuestras especias se adaptan perfectamente a cualquier tipo de cocina, desde platos tradicionales hasta fusiones modernas, brindando siempre el toque justo de sabor.<\/li>\n<\/ol>","protected":false},"featured_media":17642,"template":"","meta":[],"product_brand":[],"product_cat":[660,659],"product_tag":[],"class_list":{"0":"post-17641","1":"product","2":"type-product","3":"status-publish","4":"has-post-thumbnail","6":"product_cat-especies-en-docena-lca","7":"product_cat-especias","10":"first","11":"instock","12":"shipping-taxable","13":"product-type-simple"},"_links":{"self":[{"href":"https:\/\/donalisafoodinc.com\/en\/wp-json\/wp\/v2\/product\/17641","targetHints":{"allow":["GET"]}}],"collection":[{"href":"https:\/\/donalisafoodinc.com\/en\/wp-json\/wp\/v2\/product"}],"about":[{"href":"https:\/\/donalisafoodinc.com\/en\/wp-json\/wp\/v2\/types\/product"}],"wp:featuredmedia":[{"embeddable":true,"href":"https:\/\/donalisafoodinc.com\/en\/wp-json\/wp\/v2\/media\/17642"}],"wp:attachment":[{"href":"https:\/\/donalisafoodinc.com\/en\/wp-json\/wp\/v2\/media?parent=17641"}],"wp:term":[{"taxonomy":"product_brand","embeddable":true,"href":"https:\/\/donalisafoodinc.com\/en\/wp-json\/wp\/v2\/product_brand?post=17641"},{"taxonomy":"product_cat","embeddable":true,"href":"https:\/\/donalisafoodinc.com\/en\/wp-json\/wp\/v2\/product_cat?post=17641"},{"taxonomy":"product_tag","embeddable":true,"href":"https:\/\/donalisafoodinc.com\/en\/wp-json\/wp\/v2\/product_tag?post=17641"}],"curies":[{"name":"wp","href":"https:\/\/api.w.org\/{rel}","templated":true}]}}