{"id":17643,"date":"2025-01-30T22:02:24","date_gmt":"2025-01-30T22:02:24","guid":{"rendered":"https:\/\/donalisafoodinc.com\/?post_type=product&#038;p=17643"},"modified":"2025-03-03T19:57:54","modified_gmt":"2025-03-03T19:57:54","slug":"chocolate-en-tablilla-ei-salvadoreno-x-7-0z","status":"publish","type":"product","link":"https:\/\/donalisafoodinc.com\/en\/product\/chocolate-en-tablilla-ei-salvadoreno-x-7-0z\/","title":{"rendered":"Chocolate en Tablilla  EI Salvadore\u00f1o x 7 0z"},"content":{"rendered":"<p>Nuestro <strong>Chocolate en Tablillas<\/strong>\u00a0es una aut\u00e9ntica joya culinaria que trae a tu mesa el sabor tradicional de El Salvador. Elaborado a partir de cacao de alta calidad, cultivado en tierras f\u00e9rtiles y procesado de manera artesanal, cada tablilla es una explosi\u00f3n de sabor. Ideal para preparar bebidas calientes, postres o simplemente disfrutar de su sabor \u00fanico y profundo, nuestro chocolate en tablillas es rico, arom\u00e1tico y lleno de historia. Perfecto para quienes valoran lo aut\u00e9ntico y buscan revivir momentos de la cultura salvadore\u00f1a.<\/p>","protected":false},"excerpt":{"rendered":"<h5>Chocolate en Tablilla EI Salvadore\u00f1o x 7 0z<\/h5>\n<table width=\"440\">\n<tbody>\n<tr>\n<td width=\"143\"><strong>Item\u00a0C\u00f3digo<\/strong><\/td>\n<td width=\"148\"><strong>UPC C\u00f3digo<\/strong><\/td>\n<td width=\"149\"><strong>Cantidad<\/strong><\/td>\n<\/tr>\n<tr>\n<td><span style=\"font-weight: 400;\">\u00a02012<\/span><\/td>\n<td><span style=\"font-weight: 400;\">876593010869<\/span><\/td>\n<td>Caja x 42 Und<\/td>\n<\/tr>\n<\/tbody>\n<\/table>\n<h5>\u00bfPor qu\u00e9 elegir nuestro chocolate?<\/h5>\n<ol>\n<li><strong>Cacao de Origen<\/strong>: Nuestro chocolate est\u00e1 hecho con cacao 100% salvadore\u00f1o, cultivado en peque\u00f1as fincas por agricultores locales que practican m\u00e9todos sostenibles y tradicionales.<\/li>\n<li><strong>Proceso Artesanal<\/strong>: Cada tablilla es cuidadosamente elaborada siguiendo m\u00e9todos tradicionales que mantienen el sabor aut\u00e9ntico del cacao puro y natural.<\/li>\n<li><strong>Sabor Rico y Aut\u00e9ntico<\/strong>: El intenso sabor a cacao, combinado con un toque de az\u00facar y especias naturales, lo hace perfecto para preparar chocolate caliente, mole o recetas de reposter\u00eda.<\/li>\n<li><strong>Versatilidad Culinaria<\/strong>: Ya sea para una bebida caliente reconfortante o como ingrediente en tus recetas, nuestro chocolate en tablillas se adapta a m\u00faltiples usos en la cocina.<\/li>\n<\/ol>","protected":false},"featured_media":17644,"template":"","meta":[],"product_brand":[],"product_cat":[623,622],"product_tag":[],"class_list":{"0":"post-17643","1":"product","2":"type-product","3":"status-publish","4":"has-post-thumbnail","6":"product_cat-cafes-centroamericanos","7":"product_cat-cafe-chocolates","10":"first","11":"instock","12":"shipping-taxable","13":"product-type-simple"},"_links":{"self":[{"href":"https:\/\/donalisafoodinc.com\/en\/wp-json\/wp\/v2\/product\/17643","targetHints":{"allow":["GET"]}}],"collection":[{"href":"https:\/\/donalisafoodinc.com\/en\/wp-json\/wp\/v2\/product"}],"about":[{"href":"https:\/\/donalisafoodinc.com\/en\/wp-json\/wp\/v2\/types\/product"}],"wp:featuredmedia":[{"embeddable":true,"href":"https:\/\/donalisafoodinc.com\/en\/wp-json\/wp\/v2\/media\/17644"}],"wp:attachment":[{"href":"https:\/\/donalisafoodinc.com\/en\/wp-json\/wp\/v2\/media?parent=17643"}],"wp:term":[{"taxonomy":"product_brand","embeddable":true,"href":"https:\/\/donalisafoodinc.com\/en\/wp-json\/wp\/v2\/product_brand?post=17643"},{"taxonomy":"product_cat","embeddable":true,"href":"https:\/\/donalisafoodinc.com\/en\/wp-json\/wp\/v2\/product_cat?post=17643"},{"taxonomy":"product_tag","embeddable":true,"href":"https:\/\/donalisafoodinc.com\/en\/wp-json\/wp\/v2\/product_tag?post=17643"}],"curies":[{"name":"wp","href":"https:\/\/api.w.org\/{rel}","templated":true}]}}