{"id":17902,"date":"2024-10-01T16:08:24","date_gmt":"2024-10-01T16:08:24","guid":{"rendered":"https:\/\/donalisafoodinc.com\/?post_type=product&#038;p=17902"},"modified":"2025-08-21T16:44:10","modified_gmt":"2025-08-21T16:44:10","slug":"nueva-cosecha-del-fruto-aloe-vera-1-5lt","status":"publish","type":"product","link":"https:\/\/donalisafoodinc.com\/en\/product\/nueva-cosecha-del-fruto-aloe-vera-1-5lt\/","title":{"rendered":"Nueva Cosecha del Fruto Aloe Vera 1.5Lt"},"content":{"rendered":"<p>Nuestras <strong>Bebidas<\/strong> incluyen una variedad de opciones dise\u00f1adas para satisfacer diferentes gustos y necesidades. Desde el <strong>Agua de Coco<\/strong> 100% natural, llena de frescura tropical, hasta <strong>Jugos en Lata<\/strong> hechos con frutas seleccionadas, <strong>Aloe Vera<\/strong> con propiedades hidratantes y nuestras<strong> Auth Sodas<\/strong> con sabores \u00fanicos y aut\u00e9nticos. Estas bebidas son ideales para refrescarte, acompa\u00f1ar tus comidas o disfrutar en cualquier momento del d\u00eda.<\/p>","protected":false},"excerpt":{"rendered":"<h5>Nueva Cosecha del Fruto Aloe Vera 1.5Lt<\/h5>\n<table width=\"440\">\n<tbody>\n<tr>\n<td width=\"143\"><strong>Item\u00a0C\u00f3digo<\/strong><\/td>\n<td width=\"148\"><strong>UPC C\u00f3digo<\/strong><\/td>\n<td width=\"149\"><strong>Cantidad<\/strong><\/td>\n<\/tr>\n<tr>\n<td>\n<table border=\"0\" width=\"73\" cellspacing=\"0\" cellpadding=\"0\">\n<colgroup>\n<col width=\"73\" \/><\/colgroup>\n<tbody>\n<tr>\n<td class=\"xl65\" width=\"73\" height=\"19\">988<\/td>\n<\/tr>\n<\/tbody>\n<\/table>\n<\/td>\n<td><span data-sheets-root=\"1\">876593008897<\/span><\/td>\n<td>Caja x 12 Und<\/td>\n<\/tr>\n<\/tbody>\n<\/table>\n<h4>\u00bfPor qu\u00e9 elegir nuestras bebidas?<\/h4>\n<ol>\n<li><strong>Ingredientes Naturales y de Alta Calidad<\/strong>: Elaboradas con frutas frescas, aloe vera puro y agua de coco aut\u00e9ntica, ofreciendo sabor y beneficios.<\/li>\n<li><strong>Variedad para Todos los Gustos<\/strong>: Desde opciones hidratantes y saludables hasta refrescos con un toque \u00fanico.<\/li>\n<li><strong>Pr\u00e1cticas y Listas para Consumir<\/strong>: Presentaciones convenientes para llevar contigo y disfrutar en cualquier lugar.<\/li>\n<\/ol>\n<h4>\u00bfPor qu\u00e9 elegir nuestras bebidas?<\/h4>\n<ol>\n<li><strong>Ingredientes Naturales y de Alta Calidad<\/strong>: Elaboradas con frutas frescas, aloe vera puro y agua de coco aut\u00e9ntica, ofreciendo sabor y beneficios.<\/li>\n<li><strong>Variedad para Todos los Gustos<\/strong>: Desde opciones hidratantes y saludables hasta refrescos con un toque \u00fanico.<\/li>\n<li><strong>Pr\u00e1cticas y Listas para Consumir<\/strong>: Presentaciones convenientes para llevar contigo y disfrutar en cualquier lugar.<\/li>\n<\/ol>","protected":false},"featured_media":19332,"template":"","meta":[],"product_brand":[],"product_cat":[610,608],"product_tag":[],"class_list":{"0":"post-17902","1":"product","2":"type-product","3":"status-publish","4":"has-post-thumbnail","6":"product_cat-nueva-cosecha-del-fruto-aloe-vera","7":"product_cat-bebidas-refrescantes-autenticas-2","10":"first","11":"instock","12":"shipping-taxable","13":"product-type-simple"},"_links":{"self":[{"href":"https:\/\/donalisafoodinc.com\/en\/wp-json\/wp\/v2\/product\/17902","targetHints":{"allow":["GET"]}}],"collection":[{"href":"https:\/\/donalisafoodinc.com\/en\/wp-json\/wp\/v2\/product"}],"about":[{"href":"https:\/\/donalisafoodinc.com\/en\/wp-json\/wp\/v2\/types\/product"}],"wp:featuredmedia":[{"embeddable":true,"href":"https:\/\/donalisafoodinc.com\/en\/wp-json\/wp\/v2\/media\/19332"}],"wp:attachment":[{"href":"https:\/\/donalisafoodinc.com\/en\/wp-json\/wp\/v2\/media?parent=17902"}],"wp:term":[{"taxonomy":"product_brand","embeddable":true,"href":"https:\/\/donalisafoodinc.com\/en\/wp-json\/wp\/v2\/product_brand?post=17902"},{"taxonomy":"product_cat","embeddable":true,"href":"https:\/\/donalisafoodinc.com\/en\/wp-json\/wp\/v2\/product_cat?post=17902"},{"taxonomy":"product_tag","embeddable":true,"href":"https:\/\/donalisafoodinc.com\/en\/wp-json\/wp\/v2\/product_tag?post=17902"}],"curies":[{"name":"wp","href":"https:\/\/api.w.org\/{rel}","templated":true}]}}