{"id":17904,"date":"2024-10-19T14:01:42","date_gmt":"2024-10-19T14:01:42","guid":{"rendered":"https:\/\/donalisafoodinc.com\/?post_type=product&#038;p=17904"},"modified":"2025-03-03T12:32:39","modified_gmt":"2025-03-03T12:32:39","slug":"el-salvadoreno-rica-fresa-12oz","status":"publish","type":"product","link":"https:\/\/donalisafoodinc.com\/en\/product\/el-salvadoreno-rica-fresa-12oz\/","title":{"rendered":"El Salvadore\u00f1o Rica Fresa 12oz"},"content":{"rendered":"<p>Nuestras <strong>Sodas<\/strong> ofrecen el equilibrio perfecto entre sabor refrescante y burbujeante, convirti\u00e9ndose en la opci\u00f3n ideal para disfrutar en cualquier momento del d\u00eda. Disponibles en una variedad de sabores frutales y cl\u00e1sicos, nuestras bebidas son elaboradas con ingredientes de alta calidad que garantizan un deleite en cada sorbo. Ya sea en reuniones familiares, celebraciones o simplemente para refrescarte, nuestras sodas son el acompa\u00f1amiento perfecto.<\/p>","protected":false},"excerpt":{"rendered":"<h5>El Salvadore\u00f1o Rica Fresa 12oz<\/h5>\n<table width=\"440\">\n<tbody>\n<tr>\n<td width=\"143\"><strong>Item\u00a0C\u00f3digo<\/strong><\/td>\n<td width=\"148\"><strong>UPC C\u00f3digo<\/strong><\/td>\n<td width=\"149\"><strong>Cantidad<\/strong><\/td>\n<\/tr>\n<tr>\n<td>\n<table border=\"0\" width=\"73\" cellspacing=\"0\" cellpadding=\"0\">\n<colgroup>\n<col width=\"73\" \/><\/colgroup>\n<tbody>\n<tr>\n<td class=\"xl67\" width=\"73\" height=\"19\">1079<\/td>\n<\/tr>\n<\/tbody>\n<\/table>\n<\/td>\n<td>\n<table border=\"0\" width=\"147\" cellspacing=\"0\" cellpadding=\"0\">\n<colgroup>\n<col width=\"147\" \/><\/colgroup>\n<tbody>\n<tr>\n<td class=\"xl67\" style=\"text-align: left;\" align=\"right\" width=\"147\" height=\"19\">876593008781<\/td>\n<\/tr>\n<\/tbody>\n<\/table>\n<\/td>\n<td style=\"text-align: left;\">Caja x 24 Und<\/td>\n<\/tr>\n<\/tbody>\n<\/table>\n<h4>\u00bfPor qu\u00e9 elegir nuestras sodas?<\/h4>\n<ul>\n<li><strong>Sabores Vibrantes y Originales<\/strong>: Ofrecemos una amplia gama de sabores frutales y tradicionales para satisfacer los gustos de todos.<\/li>\n<li><strong>Calidad Garantizada<\/strong>: Cada botella es elaborada bajo estrictos est\u00e1ndares de calidad para asegurar un sabor fresco y consistente en cada sorbo.<\/li>\n<li><strong>Carbonataci\u00f3n Perfecta<\/strong>: La cantidad justa de burbujas para brindar una experiencia refrescante sin ser abrumadora.<\/li>\n<li><strong>Presentaciones Vers\u00e1tiles<\/strong>: Disponibles en latas y botellas de diferentes tama\u00f1os, ideales tanto para consumo personal como para eventos.<\/li>\n<\/ul>","protected":false},"featured_media":18535,"template":"","meta":[],"product_brand":[],"product_cat":[608,612],"product_tag":[],"class_list":{"0":"post-17904","1":"product","2":"type-product","3":"status-publish","4":"has-post-thumbnail","6":"product_cat-bebidas-refrescantes-autenticas-2","7":"product_cat-el-salvadoreno-auth-sodas","10":"first","11":"instock","12":"shipping-taxable","13":"product-type-simple"},"_links":{"self":[{"href":"https:\/\/donalisafoodinc.com\/en\/wp-json\/wp\/v2\/product\/17904","targetHints":{"allow":["GET"]}}],"collection":[{"href":"https:\/\/donalisafoodinc.com\/en\/wp-json\/wp\/v2\/product"}],"about":[{"href":"https:\/\/donalisafoodinc.com\/en\/wp-json\/wp\/v2\/types\/product"}],"wp:featuredmedia":[{"embeddable":true,"href":"https:\/\/donalisafoodinc.com\/en\/wp-json\/wp\/v2\/media\/18535"}],"wp:attachment":[{"href":"https:\/\/donalisafoodinc.com\/en\/wp-json\/wp\/v2\/media?parent=17904"}],"wp:term":[{"taxonomy":"product_brand","embeddable":true,"href":"https:\/\/donalisafoodinc.com\/en\/wp-json\/wp\/v2\/product_brand?post=17904"},{"taxonomy":"product_cat","embeddable":true,"href":"https:\/\/donalisafoodinc.com\/en\/wp-json\/wp\/v2\/product_cat?post=17904"},{"taxonomy":"product_tag","embeddable":true,"href":"https:\/\/donalisafoodinc.com\/en\/wp-json\/wp\/v2\/product_tag?post=17904"}],"curies":[{"name":"wp","href":"https:\/\/api.w.org\/{rel}","templated":true}]}}