{"id":17941,"date":"2025-05-27T16:04:47","date_gmt":"2025-05-27T16:04:47","guid":{"rendered":"https:\/\/donalisafoodinc.com\/?post_type=product&#038;p=17941"},"modified":"2025-05-28T14:30:50","modified_gmt":"2025-05-28T14:30:50","slug":"nueva-cosecha-del-fruto-manzana-lata-330-ml","status":"publish","type":"product","link":"https:\/\/donalisafoodinc.com\/en\/product\/nueva-cosecha-del-fruto-manzana-lata-330-ml\/","title":{"rendered":"Nueva Cosecha del Fruto Manzana Lata 330 ml"},"content":{"rendered":"<p>Nuestros <strong>Jugos del fruto<\/strong> son una opci\u00f3n deliciosa y refrescante, elaborada con frutas cuidadosamente seleccionadas para ofrecer un sabor aut\u00e9ntico y natural en cada sorbo. Disponibles en una amplia variedad de sabores frutales, como banano, fresa, manzana, pera, mango, melocot\u00f3n y pi\u00f1a, estos jugos son perfectos para disfrutar en cualquier momento del d\u00eda. Con una presentaci\u00f3n pr\u00e1ctica y compacta, <b>Del Fruto\u00a0<\/b>es ideal para llevar a donde quieras: en el trabajo, en el colegio o en una salida al aire libre.<\/p>","protected":false},"excerpt":{"rendered":"<h5>Nueva Cosecha del Fruto Manzana Lata 330 ml<\/h5>\n<table width=\"440\">\n<tbody>\n<tr>\n<td width=\"143\"><strong>Item\u00a0C\u00f3digo<\/strong><\/td>\n<td width=\"148\"><strong>UPC C\u00f3digo<\/strong><\/td>\n<td width=\"149\"><strong>Cantidad<\/strong><\/td>\n<\/tr>\n<tr>\n<td>\n<table border=\"0\" width=\"73\" cellspacing=\"0\" cellpadding=\"0\">\n<colgroup>\n<col width=\"73\" \/><\/colgroup>\n<tbody>\n<tr>\n<td class=\"xl67\" width=\"73\" height=\"19\">39<\/td>\n<\/tr>\n<\/tbody>\n<\/table>\n<\/td>\n<td>\n<table border=\"0\" width=\"147\" cellspacing=\"0\" cellpadding=\"0\">\n<colgroup>\n<col width=\"147\" \/><\/colgroup>\n<tbody>\n<tr>\n<td class=\"xl67\" style=\"text-align: left;\" align=\"right\" width=\"147\" height=\"19\">876593006671<\/td>\n<\/tr>\n<\/tbody>\n<\/table>\n<\/td>\n<td style=\"text-align: left;\">Caja x 24 Und<\/td>\n<\/tr>\n<\/tbody>\n<\/table>\n<h3>\u00bfPor qu\u00e9 elegir nuestros Jugos del fruto?<\/h3>\n<ol>\n<li><strong>Variedad de Sabores Exquisitos<\/strong>: Ofrecemos una amplia gama de opciones que combinan frutas tropicales y tradicionales para todos los gustos.<\/li>\n<li><strong>F\u00e1cil de Llevar y Disfrutar<\/strong>: Su presentaci\u00f3n en lata es ligera y c\u00f3moda, perfecta para llevar en el bolso o mochila y disfrutar en cualquier momento.<\/li>\n<li><strong>Calidad en Cada Sorbo<\/strong>: Elaborados con concentrados de fruta premium y sin conservantes artificiales, garantizamos un sabor fresco y aut\u00e9ntico.<\/li>\n<\/ol>","protected":false},"featured_media":18591,"template":"","meta":[],"product_brand":[],"product_cat":[611,608],"product_tag":[],"class_list":{"0":"post-17941","1":"product","2":"type-product","3":"status-publish","4":"has-post-thumbnail","6":"product_cat-nueva-cosecha-del-fruto-jugos-lata","7":"product_cat-bebidas-refrescantes-autenticas-2","10":"first","11":"instock","12":"shipping-taxable","13":"product-type-simple"},"_links":{"self":[{"href":"https:\/\/donalisafoodinc.com\/en\/wp-json\/wp\/v2\/product\/17941","targetHints":{"allow":["GET"]}}],"collection":[{"href":"https:\/\/donalisafoodinc.com\/en\/wp-json\/wp\/v2\/product"}],"about":[{"href":"https:\/\/donalisafoodinc.com\/en\/wp-json\/wp\/v2\/types\/product"}],"wp:featuredmedia":[{"embeddable":true,"href":"https:\/\/donalisafoodinc.com\/en\/wp-json\/wp\/v2\/media\/18591"}],"wp:attachment":[{"href":"https:\/\/donalisafoodinc.com\/en\/wp-json\/wp\/v2\/media?parent=17941"}],"wp:term":[{"taxonomy":"product_brand","embeddable":true,"href":"https:\/\/donalisafoodinc.com\/en\/wp-json\/wp\/v2\/product_brand?post=17941"},{"taxonomy":"product_cat","embeddable":true,"href":"https:\/\/donalisafoodinc.com\/en\/wp-json\/wp\/v2\/product_cat?post=17941"},{"taxonomy":"product_tag","embeddable":true,"href":"https:\/\/donalisafoodinc.com\/en\/wp-json\/wp\/v2\/product_tag?post=17941"}],"curies":[{"name":"wp","href":"https:\/\/api.w.org\/{rel}","templated":true}]}}