{"id":18040,"date":"2024-10-22T22:01:07","date_gmt":"2024-10-22T22:01:07","guid":{"rendered":"https:\/\/donalisafoodinc.com\/?post_type=product&#038;p=18040"},"modified":"2025-03-05T16:13:50","modified_gmt":"2025-03-05T16:13:50","slug":"tikal-crema-guatemala-bolsa-30oz","status":"publish","type":"product","link":"https:\/\/donalisafoodinc.com\/en\/product\/tikal-crema-guatemala-bolsa-30oz\/","title":{"rendered":"Tikal Crema Guatemala Bolsa 30oz"},"content":{"rendered":"<p>Nuestras <strong>Cremas Centroamericanas<\/strong> son un homenaje a los sabores tradicionales de la regi\u00f3n, elaboradas con ingredientes frescos y siguiendo procesos artesanales que garantizan su textura suave y cremosa. Estas cremas, esenciales en la cocina de varios pa\u00edses centroamericanos, ofrecen un equilibrio perfecto entre acidez y suavidad, siendo ideales para acompa\u00f1ar tamales, pupusas, tacos o a\u00f1adir un toque especial a sopas y salsas. Su versatilidad y sabor aut\u00e9ntico las convierten en el complemento perfecto para cualquier comida.<\/p>","protected":false},"excerpt":{"rendered":"<h5>Tikal Crema Guatemala Bolsa 30oz<\/h5>\n<table width=\"440\">\n<tbody>\n<tr>\n<td width=\"143\"><strong>Item\u00a0C\u00f3digo<\/strong><\/td>\n<td width=\"148\"><strong>UPC C\u00f3digo<\/strong><\/td>\n<td width=\"149\"><strong>Cantidad<\/strong><\/td>\n<\/tr>\n<tr>\n<td>\n<table border=\"0\" width=\"73\" cellspacing=\"0\" cellpadding=\"0\">\n<colgroup>\n<col width=\"73\" \/><\/colgroup>\n<tbody>\n<tr>\n<td class=\"xl67\" width=\"73\" height=\"19\">1063<\/td>\n<\/tr>\n<\/tbody>\n<\/table>\n<\/td>\n<td>\n<table border=\"0\" width=\"147\" cellspacing=\"0\" cellpadding=\"0\">\n<colgroup>\n<col width=\"147\" \/><\/colgroup>\n<tbody>\n<tr>\n<td class=\"xl67\" style=\"text-align: left;\" align=\"right\" width=\"147\" height=\"19\">876593008545<\/td>\n<\/tr>\n<\/tbody>\n<\/table>\n<\/td>\n<td>Bolsa x9 Und<\/td>\n<\/tr>\n<\/tbody>\n<\/table>\n<h3>\u00bfPor qu\u00e9 elegir nuestras Cremas Centroamericanas?<\/h3>\n<ol>\n<li><strong>Sabor y Calidad Aut\u00e9ntica<\/strong>: Elaboradas con leche fresca y siguiendo recetas tradicionales que preservan el aut\u00e9ntico sabor centroamericano.<\/li>\n<li><strong>Textura Suave y Cremosa<\/strong>: Perfecta para complementar todo tipo de platillos, desde platos salados hasta postres.<\/li>\n<li><strong>Presentaciones Vers\u00e1tiles<\/strong>: Disponibles en diferentes formatos para consumo diario o eventos especiales, asegurando frescura en cada uso.<\/li>\n<\/ol>","protected":false},"featured_media":18581,"template":"","meta":[],"product_brand":[],"product_cat":[628,630],"product_tag":[],"class_list":{"0":"post-18040","1":"product","2":"type-product","3":"status-publish","4":"has-post-thumbnail","6":"product_cat-cremas","7":"product_cat-crema-en-bolsa-30-oz-economica","10":"first","11":"instock","12":"shipping-taxable","13":"product-type-simple"},"_links":{"self":[{"href":"https:\/\/donalisafoodinc.com\/en\/wp-json\/wp\/v2\/product\/18040","targetHints":{"allow":["GET"]}}],"collection":[{"href":"https:\/\/donalisafoodinc.com\/en\/wp-json\/wp\/v2\/product"}],"about":[{"href":"https:\/\/donalisafoodinc.com\/en\/wp-json\/wp\/v2\/types\/product"}],"wp:featuredmedia":[{"embeddable":true,"href":"https:\/\/donalisafoodinc.com\/en\/wp-json\/wp\/v2\/media\/18581"}],"wp:attachment":[{"href":"https:\/\/donalisafoodinc.com\/en\/wp-json\/wp\/v2\/media?parent=18040"}],"wp:term":[{"taxonomy":"product_brand","embeddable":true,"href":"https:\/\/donalisafoodinc.com\/en\/wp-json\/wp\/v2\/product_brand?post=18040"},{"taxonomy":"product_cat","embeddable":true,"href":"https:\/\/donalisafoodinc.com\/en\/wp-json\/wp\/v2\/product_cat?post=18040"},{"taxonomy":"product_tag","embeddable":true,"href":"https:\/\/donalisafoodinc.com\/en\/wp-json\/wp\/v2\/product_tag?post=18040"}],"curies":[{"name":"wp","href":"https:\/\/api.w.org\/{rel}","templated":true}]}}