{"id":18182,"date":"2024-10-24T15:01:18","date_gmt":"2024-10-24T15:01:18","guid":{"rendered":"https:\/\/donalisafoodinc.com\/?post_type=product&#038;p=18182"},"modified":"2025-08-20T22:29:43","modified_gmt":"2025-08-20T22:29:43","slug":"nueva-cosecha-salsa-basica-estilo-italiana-8-oz","status":"publish","type":"product","link":"https:\/\/donalisafoodinc.com\/en\/product\/nueva-cosecha-salsa-basica-estilo-italiana-8-oz\/","title":{"rendered":"Nueva Cosecha Salsa Basica Estilo Italiana 8 oz."},"content":{"rendered":"<p>Nuestras <strong>Salsas Variadas<\/strong> est\u00e1n dise\u00f1adas para enriquecer cada plato con sabores aut\u00e9nticos y vers\u00e1tiles. Ya sea que busques un toque picante con la siracha, la suavidad de una salsa italiana, o el sabor tradicional del sofrito criollo, contamos con opciones para cada ocasi\u00f3n. Estas salsas son elaboradas con ingredientes frescos y cuidadosamente seleccionados para brindar un producto de alta calidad, ideal para acompa\u00f1ar pastas, carnes, guisos o snacks.<\/p>","protected":false},"excerpt":{"rendered":"<div class=\"woocommerce-product-details__short-description\">\n<h5>Nueva Cosecha Salsa Basica Estilo Italiana 8 oz.<\/h5>\n<table width=\"440\">\n<tbody>\n<tr>\n<td width=\"143\"><strong>Item\u00a0C\u00f3digo<\/strong><\/td>\n<td width=\"148\"><strong>UPC C\u00f3digo<\/strong><\/td>\n<td width=\"149\"><strong>Cantidad<\/strong><\/td>\n<\/tr>\n<tr>\n<td>\n<table border=\"0\" width=\"73\" cellspacing=\"0\" cellpadding=\"0\">\n<colgroup>\n<col width=\"73\" \/><\/colgroup>\n<tbody>\n<tr>\n<td class=\"xl67\" width=\"73\" height=\"19\">910<\/td>\n<\/tr>\n<\/tbody>\n<\/table>\n<\/td>\n<td><span data-sheets-root=\"1\">876593006992<\/span><\/td>\n<td>6&#215;4<\/td>\n<\/tr>\n<\/tbody>\n<\/table>\n<h3>\u00bfPor qu\u00e9 elegir nuestras salsas?<\/h3>\n<ol>\n<li><strong>Ingredientes Naturales y Sabores Aut\u00e9nticos<\/strong>: Elaboradas con productos frescos, sin conservantes artificiales, asegurando un sabor genuino.<\/li>\n<li><strong>Variedad para Cada Ocasi\u00f3n<\/strong>: Contamos con diferentes tipos de salsas para satisfacer cualquier antojo o necesidad culinaria.<\/li>\n<li><strong>F\u00e1ciles de Usar y Vers\u00e1tiles<\/strong>: Ideales para acompa\u00f1ar comidas r\u00e1pidas o para preparar recetas m\u00e1s elaboradas.<\/li>\n<\/ol>\n<\/div>","protected":false},"featured_media":19305,"template":"","meta":[],"product_brand":[],"product_cat":[658],"product_tag":[563],"class_list":{"0":"post-18182","1":"product","2":"type-product","3":"status-publish","4":"has-post-thumbnail","6":"product_cat-nueva-cosechas-salsas","7":"product_tag-salsas-variadas-de-alta-calidad","10":"first","11":"instock","12":"shipping-taxable","13":"product-type-simple"},"_links":{"self":[{"href":"https:\/\/donalisafoodinc.com\/en\/wp-json\/wp\/v2\/product\/18182","targetHints":{"allow":["GET"]}}],"collection":[{"href":"https:\/\/donalisafoodinc.com\/en\/wp-json\/wp\/v2\/product"}],"about":[{"href":"https:\/\/donalisafoodinc.com\/en\/wp-json\/wp\/v2\/types\/product"}],"wp:featuredmedia":[{"embeddable":true,"href":"https:\/\/donalisafoodinc.com\/en\/wp-json\/wp\/v2\/media\/19305"}],"wp:attachment":[{"href":"https:\/\/donalisafoodinc.com\/en\/wp-json\/wp\/v2\/media?parent=18182"}],"wp:term":[{"taxonomy":"product_brand","embeddable":true,"href":"https:\/\/donalisafoodinc.com\/en\/wp-json\/wp\/v2\/product_brand?post=18182"},{"taxonomy":"product_cat","embeddable":true,"href":"https:\/\/donalisafoodinc.com\/en\/wp-json\/wp\/v2\/product_cat?post=18182"},{"taxonomy":"product_tag","embeddable":true,"href":"https:\/\/donalisafoodinc.com\/en\/wp-json\/wp\/v2\/product_tag?post=18182"}],"curies":[{"name":"wp","href":"https:\/\/api.w.org\/{rel}","templated":true}]}}