{"id":18332,"date":"2024-10-26T03:21:27","date_gmt":"2024-10-26T03:21:27","guid":{"rendered":"https:\/\/donalisafoodinc.com\/?post_type=product&#038;p=18332"},"modified":"2025-03-03T20:03:49","modified_gmt":"2025-03-03T20:03:49","slug":"dona-lisa-dulce-de-atado-24oz","status":"publish","type":"product","link":"https:\/\/donalisafoodinc.com\/en\/product\/dona-lisa-dulce-de-atado-24oz\/","title":{"rendered":"Do\u00f1a Lisa Dulce de Atado 24 oz"},"content":{"rendered":"<p>Nuestros <strong>Dulces<\/strong> combinan tradici\u00f3n y sabor, ofreciendo una experiencia deliciosa para todos los gustos. Desde mani con ajonjol\u00ed y caramelos hasta cocadas, chocolates y dulces t\u00edpicos, cada bocado est\u00e1 hecho con ingredientes seleccionados y recetas aut\u00e9nticas. Perfectos para disfrutar en cualquier momento del d\u00eda o compartir en celebraciones especiales, nuestros dulces brindan un toque dulce y nost\u00e1lgico que encantar\u00e1 a grandes y peque\u00f1os.<\/p>","protected":false},"excerpt":{"rendered":"<div class=\"woocommerce-product-details__short-description\">\n<h5>Do\u00f1a Lisa Dulce de Atado 24 oz<\/h5>\n<table width=\"440\">\n<tbody>\n<tr>\n<td width=\"143\"><strong>Item\u00a0C\u00f3digo<\/strong><\/td>\n<td width=\"148\"><strong>UPC C\u00f3digo<\/strong><\/td>\n<td width=\"149\"><strong>Cantidad<\/strong><\/td>\n<\/tr>\n<tr>\n<td>\n<table border=\"0\" width=\"73\" cellspacing=\"0\" cellpadding=\"0\">\n<colgroup>\n<col width=\"73\" \/><\/colgroup>\n<tbody>\n<tr>\n<td class=\"xl67\" width=\"73\" height=\"19\">3085<\/td>\n<\/tr>\n<\/tbody>\n<\/table>\n<\/td>\n<td>\n<table border=\"0\" width=\"147\" cellspacing=\"0\" cellpadding=\"0\">\n<colgroup>\n<col width=\"147\" \/><\/colgroup>\n<tbody>\n<tr>\n<td class=\"xl67\" style=\"text-align: left;\" align=\"right\" width=\"147\" height=\"19\">823088621840<\/td>\n<\/tr>\n<\/tbody>\n<\/table>\n<\/td>\n<td>12 Und<\/td>\n<\/tr>\n<\/tbody>\n<\/table>\n<h3>\u00bfPor qu\u00e9 elegir nuestros dulces?<\/h3>\n<ol>\n<li><strong>Ingredientes de Primera Calidad<\/strong>: Elaborados con materias primas naturales para garantizar frescura, sabor y textura.<\/li>\n<li><strong>Amplia Variedad para Todos los Gustos<\/strong>: Ofrecemos dulces tradicionales y modernos, ideales para cualquier ocasi\u00f3n.<\/li>\n<li><strong>Empaques Pr\u00e1cticos y Atractivos<\/strong>: Dise\u00f1ados para conservar el producto y hacerlo perfecto para regalos o consumo diario.<\/li>\n<\/ol>\n<\/div>","protected":false},"featured_media":18711,"template":"","meta":[],"product_brand":[],"product_cat":[679,622],"product_tag":[563],"class_list":{"0":"post-18332","1":"product","2":"type-product","3":"status-publish","4":"has-post-thumbnail","6":"product_cat-panelas","7":"product_cat-cafe-chocolates","8":"product_tag-salsas-variadas-de-alta-calidad","11":"first","12":"instock","13":"shipping-taxable","14":"product-type-simple"},"_links":{"self":[{"href":"https:\/\/donalisafoodinc.com\/en\/wp-json\/wp\/v2\/product\/18332","targetHints":{"allow":["GET"]}}],"collection":[{"href":"https:\/\/donalisafoodinc.com\/en\/wp-json\/wp\/v2\/product"}],"about":[{"href":"https:\/\/donalisafoodinc.com\/en\/wp-json\/wp\/v2\/types\/product"}],"wp:featuredmedia":[{"embeddable":true,"href":"https:\/\/donalisafoodinc.com\/en\/wp-json\/wp\/v2\/media\/18711"}],"wp:attachment":[{"href":"https:\/\/donalisafoodinc.com\/en\/wp-json\/wp\/v2\/media?parent=18332"}],"wp:term":[{"taxonomy":"product_brand","embeddable":true,"href":"https:\/\/donalisafoodinc.com\/en\/wp-json\/wp\/v2\/product_brand?post=18332"},{"taxonomy":"product_cat","embeddable":true,"href":"https:\/\/donalisafoodinc.com\/en\/wp-json\/wp\/v2\/product_cat?post=18332"},{"taxonomy":"product_tag","embeddable":true,"href":"https:\/\/donalisafoodinc.com\/en\/wp-json\/wp\/v2\/product_tag?post=18332"}],"curies":[{"name":"wp","href":"https:\/\/api.w.org\/{rel}","templated":true}]}}