{"id":18352,"date":"2024-10-26T06:40:09","date_gmt":"2024-10-26T06:40:09","guid":{"rendered":"https:\/\/donalisafoodinc.com\/?post_type=product&#038;p=18352"},"modified":"2025-01-30T17:29:51","modified_gmt":"2025-01-30T17:29:51","slug":"lca-dulce-de-atado-24oz","status":"publish","type":"product","link":"https:\/\/donalisafoodinc.com\/en\/product\/lca-dulce-de-atado-24oz\/","title":{"rendered":"LCA Dulce de Atado 24oz"},"content":{"rendered":"<p>Nuestros <strong>productos de Chocolate y Panela<\/strong> ofrecen una combinaci\u00f3n perfecta de tradici\u00f3n y sabor aut\u00e9ntico. El chocolate es elaborado con cacao puro, brindando un perfil intenso y arom\u00e1tico, mientras que la panela es producida a partir de ca\u00f1a de az\u00facar 100% natural, sin procesos refinados, conservando sus propiedades nutritivas. Ideales para bebidas calientes, postres o recetas tradicionales, esta dupla es perfecta para quienes buscan un toque dulce y saludable en su d\u00eda a d\u00eda.<\/p>","protected":false},"excerpt":{"rendered":"<div class=\"woocommerce-product-details__short-description\">\n<h5>LCA Dulce de Atado 24oz<\/h5>\n<table width=\"440\">\n<tbody>\n<tr>\n<td width=\"143\"><strong>Item\u00a0C\u00f3digo<\/strong><\/td>\n<td width=\"148\"><strong>UPC C\u00f3digo<\/strong><\/td>\n<td width=\"149\"><strong>Cantidad<\/strong><\/td>\n<\/tr>\n<tr>\n<td>\n<table border=\"0\" width=\"73\" cellspacing=\"0\" cellpadding=\"0\">\n<colgroup>\n<col width=\"73\" \/><\/colgroup>\n<tbody>\n<tr>\n<td class=\"xl67\" width=\"73\" height=\"19\">421<\/td>\n<\/tr>\n<\/tbody>\n<\/table>\n<\/td>\n<td>\n<table border=\"0\" width=\"147\" cellspacing=\"0\" cellpadding=\"0\">\n<colgroup>\n<col width=\"147\" \/><\/colgroup>\n<tbody>\n<tr>\n<td class=\"xl67\" style=\"text-align: left;\" align=\"right\" width=\"147\" height=\"19\">\n<table style=\"height: 11px;\" border=\"0\" width=\"118\" cellspacing=\"0\" cellpadding=\"0\">\n<colgroup>\n<col width=\"147\" \/><\/colgroup>\n<tbody>\n<tr>\n<td class=\"xl67\" align=\"right\" width=\"147\" height=\"19\">876593001997<\/td>\n<\/tr>\n<\/tbody>\n<\/table>\n<\/td>\n<\/tr>\n<\/tbody>\n<\/table>\n<\/td>\n<td>\u00a0x12 Und<\/td>\n<\/tr>\n<\/tbody>\n<\/table>\n<h3>\u00bfPor qu\u00e9 elegir nuestro chocolate y panela?<\/h3>\n<ol>\n<li><strong>Ingredientes Naturales y Artesanales<\/strong>: Elaborados sin conservantes ni aditivos, conservando los sabores aut\u00e9nticos.<\/li>\n<li><strong>Fuente de Energ\u00eda y Nutrientes<\/strong>: El chocolate es rico en antioxidantes, mientras que la panela aporta minerales esenciales como hierro y calcio.<\/li>\n<li><strong>Versatilidad en la Cocina<\/strong>: Ideales para preparar bebidas tradicionales como chocolate caliente y aguapanela, as\u00ed como en postres y recetas gourmet.<\/li>\n<\/ol>\n<\/div>","protected":false},"featured_media":18504,"template":"","meta":[],"product_brand":[],"product_cat":[668,622],"product_tag":[563],"class_list":{"0":"post-18352","1":"product","2":"type-product","3":"status-publish","4":"has-post-thumbnail","6":"product_cat-dulces-tipicos-dl","7":"product_cat-cafe-chocolates","8":"product_tag-salsas-variadas-de-alta-calidad","11":"first","12":"instock","13":"shipping-taxable","14":"product-type-simple"},"_links":{"self":[{"href":"https:\/\/donalisafoodinc.com\/en\/wp-json\/wp\/v2\/product\/18352","targetHints":{"allow":["GET"]}}],"collection":[{"href":"https:\/\/donalisafoodinc.com\/en\/wp-json\/wp\/v2\/product"}],"about":[{"href":"https:\/\/donalisafoodinc.com\/en\/wp-json\/wp\/v2\/types\/product"}],"wp:featuredmedia":[{"embeddable":true,"href":"https:\/\/donalisafoodinc.com\/en\/wp-json\/wp\/v2\/media\/18504"}],"wp:attachment":[{"href":"https:\/\/donalisafoodinc.com\/en\/wp-json\/wp\/v2\/media?parent=18352"}],"wp:term":[{"taxonomy":"product_brand","embeddable":true,"href":"https:\/\/donalisafoodinc.com\/en\/wp-json\/wp\/v2\/product_brand?post=18352"},{"taxonomy":"product_cat","embeddable":true,"href":"https:\/\/donalisafoodinc.com\/en\/wp-json\/wp\/v2\/product_cat?post=18352"},{"taxonomy":"product_tag","embeddable":true,"href":"https:\/\/donalisafoodinc.com\/en\/wp-json\/wp\/v2\/product_tag?post=18352"}],"curies":[{"name":"wp","href":"https:\/\/api.w.org\/{rel}","templated":true}]}}