{"id":18373,"date":"2024-10-30T12:11:06","date_gmt":"2024-10-30T12:11:06","guid":{"rendered":"https:\/\/donalisafoodinc.com\/?post_type=product&#038;p=18373"},"modified":"2025-03-03T19:35:59","modified_gmt":"2025-03-03T19:35:59","slug":"n-c-harina-de-arroz-2lb","status":"publish","type":"product","link":"https:\/\/donalisafoodinc.com\/en\/product\/n-c-harina-de-arroz-2lb\/","title":{"rendered":"N\/C Harina de Arroz 2Lb"},"content":{"rendered":"<p>Nuestras <strong>Flours<\/strong> est\u00e1n elaboradas con granos seleccionados para garantizar frescura, textura perfecta y rendimiento superior en todas tus recetas. Ofrecemos una variedad de opciones, como atol chico, barley flour, pinolillo, masafina arroz mexicana entre otras, ideales tanto para reposter\u00eda, panader\u00eda, como para platillos tradicionales. Cada presentaci\u00f3n est\u00e1 pensada para satisfacer las necesidades de cocineros y reposteros, asegurando resultados consistentes y deliciosos.<\/p>","protected":false},"excerpt":{"rendered":"<div class=\"woocommerce-product-details__short-description\">\n<h5>N\/C Harina de Arroz 2Lb<\/h5>\n<table width=\"440\">\n<tbody>\n<tr>\n<td width=\"143\"><strong>Item\u00a0C\u00f3digo<\/strong><\/td>\n<td width=\"148\"><strong>UPC C\u00f3digo<\/strong><\/td>\n<td width=\"149\"><strong>Cantidad<\/strong><\/td>\n<\/tr>\n<tr>\n<td>271<\/td>\n<td>\n<table border=\"0\" width=\"147\" cellspacing=\"0\" cellpadding=\"0\">\n<colgroup>\n<col width=\"147\" \/><\/colgroup>\n<tbody>\n<tr>\n<td class=\"xl67\" style=\"text-align: left;\" align=\"right\" width=\"147\" height=\"19\">876593001003<\/td>\n<\/tr>\n<\/tbody>\n<\/table>\n<\/td>\n<td>Caja x 10 Und<\/td>\n<\/tr>\n<\/tbody>\n<\/table>\n<h4>\u00bfPor qu\u00e9 elegir nuestras harinas?<\/h4>\n<ol>\n<li><strong>Variedad y Versatilidad<\/strong>: Ofrecemos harinas de trigo, ma\u00edz, avena, y opciones integrales para adaptarse a todo tipo de recetas.<\/li>\n<li><strong>Calidad Garantizada<\/strong>: Producidas con procesos controlados para mantener la frescura y propiedades nutricionales de los granos.<\/li>\n<li><strong>Alto Rendimiento en Cocina y Reposter\u00eda<\/strong>: Ideales para preparar panes, tortillas, postres y otras recetas con excelentes resultados.<\/li>\n<\/ol>\n<\/div>","protected":false},"featured_media":18546,"template":"","meta":[],"product_brand":[],"product_cat":[678,614],"product_tag":[563],"class_list":{"0":"post-18373","1":"product","2":"type-product","3":"status-publish","4":"has-post-thumbnail","6":"product_cat-harina-lca","7":"product_cat-harinas","8":"product_tag-salsas-variadas-de-alta-calidad","11":"first","12":"instock","13":"shipping-taxable","14":"product-type-simple"},"_links":{"self":[{"href":"https:\/\/donalisafoodinc.com\/en\/wp-json\/wp\/v2\/product\/18373","targetHints":{"allow":["GET"]}}],"collection":[{"href":"https:\/\/donalisafoodinc.com\/en\/wp-json\/wp\/v2\/product"}],"about":[{"href":"https:\/\/donalisafoodinc.com\/en\/wp-json\/wp\/v2\/types\/product"}],"wp:featuredmedia":[{"embeddable":true,"href":"https:\/\/donalisafoodinc.com\/en\/wp-json\/wp\/v2\/media\/18546"}],"wp:attachment":[{"href":"https:\/\/donalisafoodinc.com\/en\/wp-json\/wp\/v2\/media?parent=18373"}],"wp:term":[{"taxonomy":"product_brand","embeddable":true,"href":"https:\/\/donalisafoodinc.com\/en\/wp-json\/wp\/v2\/product_brand?post=18373"},{"taxonomy":"product_cat","embeddable":true,"href":"https:\/\/donalisafoodinc.com\/en\/wp-json\/wp\/v2\/product_cat?post=18373"},{"taxonomy":"product_tag","embeddable":true,"href":"https:\/\/donalisafoodinc.com\/en\/wp-json\/wp\/v2\/product_tag?post=18373"}],"curies":[{"name":"wp","href":"https:\/\/api.w.org\/{rel}","templated":true}]}}