{"id":18468,"date":"2024-10-28T11:05:36","date_gmt":"2024-10-28T11:05:36","guid":{"rendered":"https:\/\/donalisafoodinc.com\/?post_type=product&#038;p=18468"},"modified":"2025-03-04T15:47:28","modified_gmt":"2025-03-04T15:47:28","slug":"lca-semita-despeinada-10-oz","status":"publish","type":"product","link":"https:\/\/donalisafoodinc.com\/en\/product\/lca-semita-despeinada-10-oz\/","title":{"rendered":"LCA Semita Despeinada 10 oz"},"content":{"rendered":"<p>Nuestra <strong>Bakery<\/strong> ofrece una variedad de productos frescos elaborados con recetas tradicionales y los mejores ingredientes. Desde panes suaves y crujientes hasta productos dulces como galletas hojitas, marquesote Salvadore\u00f1o, cachitos simples, conchas blancas, pan de torta, pan surtido, rosquillas, wafer entre otras, cada pieza es preparada con dedicaci\u00f3n para garantizar un sabor aut\u00e9ntico. Perfectos para acompa\u00f1ar tus comidas, desayunos o simplemente disfrutar en momentos especiales, nuestros productos combinan tradici\u00f3n y calidad en cada mordida.<\/p>","protected":false},"excerpt":{"rendered":"<div class=\"woocommerce-product-details__short-description\">\n<h5>LCA Semita Despeinada 10 oz<\/h5>\n<table width=\"440\">\n<tbody>\n<tr>\n<td width=\"143\"><strong>Item\u00a0C\u00f3digo<\/strong><\/td>\n<td width=\"148\"><strong>UPC C\u00f3digo<\/strong><\/td>\n<td width=\"149\"><strong>Cantidad<\/strong><\/td>\n<\/tr>\n<tr>\n<td>\n<table border=\"0\" width=\"73\" cellspacing=\"0\" cellpadding=\"0\">\n<colgroup>\n<col width=\"73\" \/><\/colgroup>\n<tbody>\n<tr>\n<td class=\"xl67\" width=\"73\" height=\"19\">958<\/td>\n<\/tr>\n<\/tbody>\n<\/table>\n<\/td>\n<td>\n<table border=\"0\" width=\"147\" cellspacing=\"0\" cellpadding=\"0\">\n<colgroup>\n<col width=\"147\" \/><\/colgroup>\n<tbody>\n<tr>\n<td class=\"xl67\" style=\"text-align: left;\" align=\"right\" width=\"147\" height=\"19\">876593011194<\/td>\n<\/tr>\n<\/tbody>\n<\/table>\n<\/td>\n<td>12 Und<\/td>\n<\/tr>\n<\/tbody>\n<\/table>\n<h3>\u00bfPor qu\u00e9 elegir nuestra panader\u00eda?<\/h3>\n<ol>\n<li><strong>Frescura Diaria<\/strong>: Nuestros productos se elaboran a diario, garantizando un aroma y textura incomparables.<\/li>\n<li><strong>Amplia Variedad de Productos<\/strong>: Panes tradicionales, integrales, dulces y m\u00e1s, para satisfacer todos los gustos.<\/li>\n<li><strong>Compromiso con la Calidad<\/strong>: Utilizamos ingredientes seleccionados para asegurar productos deliciosos y nutritivos.<\/li>\n<\/ol>\n<\/div>","protected":false},"featured_media":18768,"template":"","meta":[],"product_brand":[],"product_cat":[627,624],"product_tag":[],"class_list":{"0":"post-18468","1":"product","2":"type-product","3":"status-publish","4":"has-post-thumbnail","6":"product_cat-panaderia-hondurena","7":"product_cat-panaderia","10":"first","11":"instock","12":"shipping-taxable","13":"product-type-simple"},"_links":{"self":[{"href":"https:\/\/donalisafoodinc.com\/en\/wp-json\/wp\/v2\/product\/18468","targetHints":{"allow":["GET"]}}],"collection":[{"href":"https:\/\/donalisafoodinc.com\/en\/wp-json\/wp\/v2\/product"}],"about":[{"href":"https:\/\/donalisafoodinc.com\/en\/wp-json\/wp\/v2\/types\/product"}],"wp:featuredmedia":[{"embeddable":true,"href":"https:\/\/donalisafoodinc.com\/en\/wp-json\/wp\/v2\/media\/18768"}],"wp:attachment":[{"href":"https:\/\/donalisafoodinc.com\/en\/wp-json\/wp\/v2\/media?parent=18468"}],"wp:term":[{"taxonomy":"product_brand","embeddable":true,"href":"https:\/\/donalisafoodinc.com\/en\/wp-json\/wp\/v2\/product_brand?post=18468"},{"taxonomy":"product_cat","embeddable":true,"href":"https:\/\/donalisafoodinc.com\/en\/wp-json\/wp\/v2\/product_cat?post=18468"},{"taxonomy":"product_tag","embeddable":true,"href":"https:\/\/donalisafoodinc.com\/en\/wp-json\/wp\/v2\/product_tag?post=18468"}],"curies":[{"name":"wp","href":"https:\/\/api.w.org\/{rel}","templated":true}]}}