{"id":19018,"date":"2024-10-26T05:59:47","date_gmt":"2024-10-26T05:59:47","guid":{"rendered":"https:\/\/donalisafoodinc.com\/?post_type=product&#038;p=19018"},"modified":"2025-08-16T19:44:36","modified_gmt":"2025-08-16T19:44:36","slug":"extrano-mi-mexico-querido-tortilla-de-maiz-taqueras-29-oz","status":"publish","type":"product","link":"https:\/\/donalisafoodinc.com\/en\/product\/extrano-mi-mexico-querido-tortilla-de-maiz-taqueras-29-oz\/","title":{"rendered":"Extra\u00f1o Mi Mexico Querido  Tortilla de Ma\u00edz Taqueras 29 Oz."},"content":{"rendered":"<p>Nuestras <strong>Tortillas<\/strong> est\u00e1n elaboradas con ma\u00edz y harina de alta calidad, siguiendo m\u00e9todos tradicionales que garantizan sabor aut\u00e9ntico y frescura. Disponibles en diferentes variedades, como ma\u00edz, harina de trigo y sin gluten, son el complemento perfecto para preparar tacos, quesadillas, burritos o acompa\u00f1ar cualquier platillo t\u00edpico. Con una textura suave y un delicioso aroma, nuestras tortillas son ideales tanto para uso cotidiano como para ocasiones especiales.<\/p>","protected":false},"excerpt":{"rendered":"<div class=\"woocommerce-product-details__short-description\">\n<h5>Extra\u00f1o Mi Mexico Querido Tortilla de Ma\u00edz Taqueras 29 Oz.<\/h5>\n<table width=\"440\">\n<tbody>\n<tr>\n<td width=\"143\"><strong>Item\u00a0C\u00f3digo<\/strong><\/td>\n<td width=\"148\"><strong>UPC C\u00f3digo<\/strong><\/td>\n<td width=\"149\"><strong>Cantidad<\/strong><\/td>\n<\/tr>\n<tr>\n<td>1276<\/td>\n<td>\n<table border=\"0\" width=\"147\" cellspacing=\"0\" cellpadding=\"0\">\n<colgroup>\n<col width=\"147\" \/><\/colgroup>\n<tbody>\n<tr>\n<td class=\"xl67\" style=\"text-align: left;\" align=\"right\" width=\"147\" height=\"19\">8765599301276<\/td>\n<\/tr>\n<\/tbody>\n<\/table>\n<\/td>\n<td><\/td>\n<\/tr>\n<\/tbody>\n<\/table>\n<h3>\u00bfPor qu\u00e9 elegir nuestras tortillas?<\/h3>\n<ol>\n<li><strong>Sabor y Calidad Aut\u00e9ntica<\/strong>: Elaboradas con ingredientes frescos y siguiendo recetas tradicionales para garantizar una experiencia deliciosa.<\/li>\n<li><strong>Versatilidad para Todo Tipo de Preparaci\u00f3n<\/strong>: Perfectas para tacos, wraps, quesadillas y m\u00e1s, adapt\u00e1ndose a diversas recetas.<\/li>\n<li><strong>Disponibles en Diferentes Variedades<\/strong>: Opciones con ma\u00edz, harina integral y sin gluten, adecuadas para todos los gustos y necesidades.<\/li>\n<\/ol>\n<\/div>","protected":false},"featured_media":19286,"template":"","meta":[],"product_brand":[],"product_cat":[685,647],"product_tag":[563],"class_list":{"0":"post-19018","1":"product","2":"type-product","3":"status-publish","4":"has-post-thumbnail","6":"product_cat-productos-de-maiz","7":"product_cat-productos-de-maiz-2","8":"product_tag-salsas-variadas-de-alta-calidad","11":"first","12":"instock","13":"shipping-taxable","14":"product-type-simple"},"_links":{"self":[{"href":"https:\/\/donalisafoodinc.com\/en\/wp-json\/wp\/v2\/product\/19018","targetHints":{"allow":["GET"]}}],"collection":[{"href":"https:\/\/donalisafoodinc.com\/en\/wp-json\/wp\/v2\/product"}],"about":[{"href":"https:\/\/donalisafoodinc.com\/en\/wp-json\/wp\/v2\/types\/product"}],"wp:featuredmedia":[{"embeddable":true,"href":"https:\/\/donalisafoodinc.com\/en\/wp-json\/wp\/v2\/media\/19286"}],"wp:attachment":[{"href":"https:\/\/donalisafoodinc.com\/en\/wp-json\/wp\/v2\/media?parent=19018"}],"wp:term":[{"taxonomy":"product_brand","embeddable":true,"href":"https:\/\/donalisafoodinc.com\/en\/wp-json\/wp\/v2\/product_brand?post=19018"},{"taxonomy":"product_cat","embeddable":true,"href":"https:\/\/donalisafoodinc.com\/en\/wp-json\/wp\/v2\/product_cat?post=19018"},{"taxonomy":"product_tag","embeddable":true,"href":"https:\/\/donalisafoodinc.com\/en\/wp-json\/wp\/v2\/product_tag?post=19018"}],"curies":[{"name":"wp","href":"https:\/\/api.w.org\/{rel}","templated":true}]}}