{"id":19132,"date":"2024-10-26T16:39:34","date_gmt":"2024-10-26T16:39:34","guid":{"rendered":"https:\/\/donalisafoodinc.com\/?post_type=product&#038;p=19132"},"modified":"2025-06-13T17:10:22","modified_gmt":"2025-06-13T17:10:22","slug":"tor-ti-chips-tajaditas-platanitos-5oz","status":"publish","type":"product","link":"https:\/\/donalisafoodinc.com\/en\/product\/tor-ti-chips-tajaditas-platanitos-5oz\/","title":{"rendered":"Tor-Ti-Chips Tajaditas Platanitos 5oz"},"content":{"rendered":"<p>Nuestros <strong>Snacks Chips<\/strong> est\u00e1n elaborados con ingredientes de alta calidad para ofrecer una experiencia de sabor crujiente e irresistible. Disponibles en diferentes variedades como papas cl\u00e1sicas, pl\u00e1tano, yuca y vegetales, son el acompa\u00f1amiento perfecto para cualquier momento del d\u00eda. Ya sea para compartir en reuniones, disfrutar como snack individual o incluir en loncheras, nuestros chips combinan frescura, sabor y textura en cada bocado.<\/p>","protected":false},"excerpt":{"rendered":"<div class=\"woocommerce-product-details__short-description\">\n<h5>Tor-Ti-Chips Tajaditas Platanitos 5oz<\/h5>\n<table width=\"440\">\n<tbody>\n<tr>\n<td width=\"143\"><strong>Item\u00a0C\u00f3digo<\/strong><\/td>\n<td width=\"148\"><strong>UPC C\u00f3digo<\/strong><\/td>\n<td width=\"149\"><strong>Cantidad<\/strong><\/td>\n<\/tr>\n<tr>\n<td>\n<table border=\"0\" width=\"73\" cellspacing=\"0\" cellpadding=\"0\">\n<colgroup>\n<col width=\"73\" \/><\/colgroup>\n<tbody>\n<tr>\n<td class=\"xl67\" width=\"73\" height=\"19\">1323<\/td>\n<\/tr>\n<\/tbody>\n<\/table>\n<\/td>\n<td><span data-sheets-root=\"1\">87659301323<\/span><\/td>\n<td>18 Und<\/td>\n<\/tr>\n<\/tbody>\n<\/table>\n<h3>\u00bfPor qu\u00e9 elegir nuestros snacks chips?<\/h3>\n<ol>\n<li><strong>Variedad de Sabores y Texturas<\/strong>: Ofrecemos opciones tradicionales y alternativas saludables con diferentes ingredientes como pl\u00e1tano y vegetales.<\/li>\n<li><strong>Calidad y Frescura Garantizada<\/strong>: Chips elaborados con t\u00e9cnicas que preservan su sabor y frescura por m\u00e1s tiempo.<\/li>\n<li><strong>Pr\u00e1cticos y Listos para Disfrutar<\/strong>: Ideales para llevar a cualquier lugar y disfrutar en cualquier momento.<\/li>\n<\/ol>\n<\/div>","protected":false},"featured_media":19133,"template":"","meta":[],"product_brand":[],"product_cat":[621,620],"product_tag":[],"class_list":{"0":"post-19132","1":"product","2":"type-product","3":"status-publish","4":"has-post-thumbnail","6":"product_cat-tor-ti-chips","7":"product_cat-snacks-chips","10":"first","11":"instock","12":"shipping-taxable","13":"product-type-simple"},"_links":{"self":[{"href":"https:\/\/donalisafoodinc.com\/en\/wp-json\/wp\/v2\/product\/19132","targetHints":{"allow":["GET"]}}],"collection":[{"href":"https:\/\/donalisafoodinc.com\/en\/wp-json\/wp\/v2\/product"}],"about":[{"href":"https:\/\/donalisafoodinc.com\/en\/wp-json\/wp\/v2\/types\/product"}],"wp:featuredmedia":[{"embeddable":true,"href":"https:\/\/donalisafoodinc.com\/en\/wp-json\/wp\/v2\/media\/19133"}],"wp:attachment":[{"href":"https:\/\/donalisafoodinc.com\/en\/wp-json\/wp\/v2\/media?parent=19132"}],"wp:term":[{"taxonomy":"product_brand","embeddable":true,"href":"https:\/\/donalisafoodinc.com\/en\/wp-json\/wp\/v2\/product_brand?post=19132"},{"taxonomy":"product_cat","embeddable":true,"href":"https:\/\/donalisafoodinc.com\/en\/wp-json\/wp\/v2\/product_cat?post=19132"},{"taxonomy":"product_tag","embeddable":true,"href":"https:\/\/donalisafoodinc.com\/en\/wp-json\/wp\/v2\/product_tag?post=19132"}],"curies":[{"name":"wp","href":"https:\/\/api.w.org\/{rel}","templated":true}]}}