{"id":19542,"date":"2025-10-28T18:03:10","date_gmt":"2025-10-28T18:03:10","guid":{"rendered":"https:\/\/donalisafoodinc.com\/?post_type=product&#038;p=19542"},"modified":"2025-10-30T13:05:39","modified_gmt":"2025-10-30T13:05:39","slug":"el-migueleno-macarela-40libras","status":"publish","type":"product","link":"https:\/\/donalisafoodinc.com\/en\/product\/el-migueleno-macarela-40libras\/","title":{"rendered":"El Miguele\u00f1o Macarela"},"content":{"rendered":"<p>Nuestros <strong>Mariscos de Pescader\u00eda<\/strong> ofrecen la m\u00e1s alta calidad y frescura, garantizando que cada pieza llegue a tu mesa con el aut\u00e9ntico sabor del mar. Disponemos de una amplia selecci\u00f3n capturados de forma responsable y procesados bajo estrictos est\u00e1ndares de higiene. Ideales para preparar desde ceviches hasta paellas o mariscadas, nuestros mariscos brindan una experiencia culinaria nutritiva y deliciosa.<\/p>","protected":false},"excerpt":{"rendered":"<div class=\"woocommerce-product-details__short-description\">\n<h5>El Miguele\u00f1o Macarela 40Libras<\/h5>\n<table width=\"440\">\n<tbody>\n<tr>\n<td width=\"143\"><strong>Item\u00a0C\u00f3digo<\/strong><\/td>\n<td width=\"148\"><strong>UPC C\u00f3digo<\/strong><\/td>\n<td width=\"149\"><strong>Cantidad<\/strong><\/td>\n<\/tr>\n<tr>\n<td>\n<table border=\"0\" width=\"73\" cellspacing=\"0\" cellpadding=\"0\">\n<colgroup>\n<col width=\"73\" \/><\/colgroup>\n<tbody>\n<tr>\n<td class=\"xl67\" width=\"73\" height=\"19\">882<\/td>\n<\/tr>\n<\/tbody>\n<\/table>\n<\/td>\n<td>87659301353<\/td>\n<td>40Libras<\/td>\n<\/tr>\n<\/tbody>\n<\/table>\n<h3>\u00bfPor qu\u00e9 elegir nuestros mariscos?<\/h3>\n<ol>\n<li><strong>Frescura Garantizada<\/strong>: Cada producto es cuidadosamente seleccionado y procesado para conservar su calidad y sabor natural.<\/li>\n<li><strong>Captura Responsable y Calidad Premium<\/strong>: Trabajamos con proveedores certificados que aseguran pr\u00e1cticas sostenibles y mariscos de primera calidad.<\/li>\n<li><strong>Variedad para Todo Tipo de Preparaciones<\/strong>: Ofrecemos opciones vers\u00e1tiles para diferentes platillos, desde entradas ligeras hasta comidas completas.<\/li>\n<\/ol>\n<\/div>","protected":false},"featured_media":19543,"template":"","meta":[],"product_brand":[],"product_cat":[676,655],"product_tag":[],"class_list":{"0":"post-19542","1":"product","2":"type-product","3":"status-publish","4":"has-post-thumbnail","6":"product_cat-pescaderia","7":"product_cat-carnes","10":"first","11":"instock","12":"shipping-taxable","13":"product-type-simple"},"_links":{"self":[{"href":"https:\/\/donalisafoodinc.com\/en\/wp-json\/wp\/v2\/product\/19542","targetHints":{"allow":["GET"]}}],"collection":[{"href":"https:\/\/donalisafoodinc.com\/en\/wp-json\/wp\/v2\/product"}],"about":[{"href":"https:\/\/donalisafoodinc.com\/en\/wp-json\/wp\/v2\/types\/product"}],"wp:featuredmedia":[{"embeddable":true,"href":"https:\/\/donalisafoodinc.com\/en\/wp-json\/wp\/v2\/media\/19543"}],"wp:attachment":[{"href":"https:\/\/donalisafoodinc.com\/en\/wp-json\/wp\/v2\/media?parent=19542"}],"wp:term":[{"taxonomy":"product_brand","embeddable":true,"href":"https:\/\/donalisafoodinc.com\/en\/wp-json\/wp\/v2\/product_brand?post=19542"},{"taxonomy":"product_cat","embeddable":true,"href":"https:\/\/donalisafoodinc.com\/en\/wp-json\/wp\/v2\/product_cat?post=19542"},{"taxonomy":"product_tag","embeddable":true,"href":"https:\/\/donalisafoodinc.com\/en\/wp-json\/wp\/v2\/product_tag?post=19542"}],"curies":[{"name":"wp","href":"https:\/\/api.w.org\/{rel}","templated":true}]}}